{"id":12484,"date":"2024-06-19T03:48:30","date_gmt":"2024-06-19T03:48:30","guid":{"rendered":"https:\/\/www.bufetesalazarcr.com\/?page_id=12484"},"modified":"2024-06-19T03:50:36","modified_gmt":"2024-06-19T03:50:36","slug":"derecho-penal","status":"publish","type":"page","link":"https:\/\/www.bufetesalazarcr.com\/?page_id=12484","title":{"rendered":"DERECHO PENAL"},"content":{"rendered":"\t\t<div data-elementor-type=\"wp-page\" data-elementor-id=\"12484\" class=\"elementor elementor-12484\">\n\t\t\t\t<div class=\"elementor-element elementor-element-299b93cb e-flex e-con-boxed e-con e-parent\" data-id=\"299b93cb\" data-element_type=\"container\">\n\t\t\t\t\t<div class=\"e-con-inner\">\n\t\t\t\t<div class=\"elementor-element elementor-element-1c396140 elementor-widget elementor-widget-text-editor\" data-id=\"1c396140\" data-element_type=\"widget\" data-settings=\"{&quot;ashton_ext_link_sidemenu&quot;:&quot;false&quot;,&quot;ashton_ext_link_fullmenu&quot;:&quot;false&quot;,&quot;ashton_ext_is_sticky&quot;:&quot;false&quot;,&quot;ashton_ext_is_scrollme&quot;:&quot;false&quot;,&quot;ashton_ext_is_smoove&quot;:&quot;false&quot;,&quot;ashton_ext_is_parallax_mouse&quot;:&quot;false&quot;,&quot;ashton_ext_is_infinite&quot;:&quot;false&quot;,&quot;ashton_ext_is_fadeout_animation&quot;:&quot;false&quot;}\" data-widget_type=\"text-editor.default\">\n\t\t\t\t<div class=\"elementor-widget-container\">\n\t\t\t<style>\/*! elementor - v3.23.0 - 25-07-2024 *\/\n.elementor-widget-text-editor.elementor-drop-cap-view-stacked .elementor-drop-cap{background-color:#69727d;color:#fff}.elementor-widget-text-editor.elementor-drop-cap-view-framed .elementor-drop-cap{color:#69727d;border:3px solid;background-color:transparent}.elementor-widget-text-editor:not(.elementor-drop-cap-view-default) .elementor-drop-cap{margin-top:8px}.elementor-widget-text-editor:not(.elementor-drop-cap-view-default) .elementor-drop-cap-letter{width:1em;height:1em}.elementor-widget-text-editor .elementor-drop-cap{float:left;text-align:center;line-height:1;font-size:50px}.elementor-widget-text-editor .elementor-drop-cap-letter{display:inline-block}<\/style>\t\t\t\t<!-- wp:paragraph -->\n<p>El&nbsp;<strong>Derecho Penal<\/strong>&nbsp;es el \u00c1rea del Derecho que necesita&nbsp;<strong><u>una r\u00e1pida y eficaz intervenci\u00f3n,<\/u><\/strong>&nbsp;dada la particularidad y consecuencias que pueden deparar los procedimientos de esta&nbsp;<strong>Jurisdicci\u00f3n<\/strong>. Por ello, cuanto antes encuentre asesoramiento legal, mayores posibilidades existen de conseguir el resultado m\u00e1s \u00f3ptimo para sus intereses.<\/p>\n<!-- \/wp:paragraph -->\n\n<!-- wp:paragraph -->\n<p>En este sentido, el despacho es consciente del compromiso que asume, y por tanto, nuestra implicaci\u00f3n es m\u00e1xima con cada cliente.<\/p>\n<!-- \/wp:paragraph -->\n\n<!-- wp:paragraph -->\n<p>Nuestra actuaci\u00f3n se centra en la&nbsp;<strong><u>defensa y acusaci\u00f3n por los siguientes Delitos<\/u><\/strong>:<\/p>\n<!-- \/wp:paragraph -->\n\n<!-- wp:list -->\n<ul><!-- wp:list-item -->\n<li>Delitos sexuales (violaciones, abusos deshonestos, corrupci\u00f3n).<\/li>\n<!-- \/wp:list-item -->\n\n<!-- wp:list-item -->\n<li>Delitos contra la vida y la Integridad F\u00edsica (homicidios, lesiones).<\/li>\n<!-- \/wp:list-item -->\n\n<!-- wp:list-item -->\n<li>Delitos contra la Seguridad Vial.<\/li>\n<!-- \/wp:list-item -->\n\n<!-- wp:list-item -->\n<li>Delitos contra la Propiedad (da\u00f1os, Hurtos, Robos, Estafas, Extorsiones, apropiaciones indebidas).<\/li>\n<!-- \/wp:list-item -->\n\n<!-- wp:list-item -->\n<li>Delitos contra la Libertad (Amenazas, Coacciones y Detenciones Ilegales).<\/li>\n<!-- \/wp:list-item -->\n\n<!-- wp:list-item -->\n<li>Delitos contra la buena fe de los negocios (quiebras e insolvencias, usura).<\/li>\n<!-- \/wp:list-item -->\n\n<!-- wp:list-item -->\n<li>Delito de Receptaci\u00f3n y Blanqueo de Capitales.<\/li>\n<!-- \/wp:list-item -->\n\n<!-- wp:list-item -->\n<li>Violencia de G\u00e9nero<\/li>\n<!-- \/wp:list-item -->\n\n<!-- wp:list-item -->\n<li>Delito de Da\u00f1os.<\/li>\n<!-- \/wp:list-item -->\n\n<!-- wp:list-item -->\n<li>Delitos contra La Intimidad, el Derecho a la Propia Imagen y la Inviolabilidad del Domicilio.<\/li>\n<!-- \/wp:list-item -->\n\n<!-- wp:list-item -->\n<li>Delitos contra el Honor (Difamaci\u00f3n, Injurias y Calumnias).<\/li>\n<!-- \/wp:list-item -->\n\n<!-- wp:list-item -->\n<li>Contravenciones<\/li>\n<!-- \/wp:list-item --><\/ul>\n<!-- \/wp:list -->\n\n<!-- wp:paragraph -->\n<p>Le asistimos en todo tipo de delitos penales<\/p>\n<!-- \/wp:paragraph -->\t\t\t\t\t\t<\/div>\n\t\t\t\t<\/div>\n\t\t\t\t\t<\/div>\n\t\t\t\t<\/div>\n\t\t\t\t<\/div>\n\t\t","protected":false},"excerpt":{"rendered":"<p>El&nbsp;Derecho Penal&nbsp;es el \u00c1rea del Derecho que necesita&nbsp;una r\u00e1pida y eficaz intervenci\u00f3n,&nbsp;dada la particularidad y consecuencias que pueden deparar los procedimientos de esta&nbsp;Jurisdicci\u00f3n. Por ello, cuanto antes encuentre asesoramiento legal, mayores posibilidades existen de conseguir el resultado m\u00e1s \u00f3ptimo para [&hellip;]<\/p>\n","protected":false},"author":1,"featured_media":3175,"parent":0,"menu_order":0,"comment_status":"closed","ping_status":"closed","template":"page-r.php","meta":{"footnotes":""},"class_list":["post-12484","page","type-page","status-publish","has-post-thumbnail","hentry"],"_links":{"self":[{"href":"https:\/\/www.bufetesalazarcr.com\/index.php?rest_route=\/wp\/v2\/pages\/12484","targetHints":{"allow":["GET"]}}],"collection":[{"href":"https:\/\/www.bufetesalazarcr.com\/index.php?rest_route=\/wp\/v2\/pages"}],"about":[{"href":"https:\/\/www.bufetesalazarcr.com\/index.php?rest_route=\/wp\/v2\/types\/page"}],"author":[{"embeddable":true,"href":"https:\/\/www.bufetesalazarcr.com\/index.php?rest_route=\/wp\/v2\/users\/1"}],"replies":[{"embeddable":true,"href":"https:\/\/www.bufetesalazarcr.com\/index.php?rest_route=%2Fwp%2Fv2%2Fcomments&post=12484"}],"version-history":[{"count":7,"href":"https:\/\/www.bufetesalazarcr.com\/index.php?rest_route=\/wp\/v2\/pages\/12484\/revisions"}],"predecessor-version":[{"id":12491,"href":"https:\/\/www.bufetesalazarcr.com\/index.php?rest_route=\/wp\/v2\/pages\/12484\/revisions\/12491"}],"wp:featuredmedia":[{"embeddable":true,"href":"https:\/\/www.bufetesalazarcr.com\/index.php?rest_route=\/wp\/v2\/media\/3175"}],"wp:attachment":[{"href":"https:\/\/www.bufetesalazarcr.com\/index.php?rest_route=%2Fwp%2Fv2%2Fmedia&parent=12484"}],"curies":[{"name":"wp","href":"https:\/\/api.w.org\/{rel}","templated":true}]}}