{"id":12503,"date":"2024-06-19T04:01:29","date_gmt":"2024-06-19T04:01:29","guid":{"rendered":"https:\/\/www.bufetesalazarcr.com\/?page_id=12503"},"modified":"2024-06-19T04:02:22","modified_gmt":"2024-06-19T04:02:22","slug":"derecho-agrario-y-ambiental","status":"publish","type":"page","link":"https:\/\/www.bufetesalazarcr.com\/?page_id=12503","title":{"rendered":"DERECHO AGRARIO Y AMBIENTAL"},"content":{"rendered":"\t\t<div data-elementor-type=\"wp-page\" data-elementor-id=\"12503\" class=\"elementor elementor-12503\">\n\t\t\t\t<div class=\"elementor-element elementor-element-6c6fdf07 e-flex e-con-boxed e-con e-parent\" data-id=\"6c6fdf07\" data-element_type=\"container\">\n\t\t\t\t\t<div class=\"e-con-inner\">\n\t\t\t\t<div class=\"elementor-element elementor-element-130a61d9 elementor-widget elementor-widget-text-editor\" data-id=\"130a61d9\" data-element_type=\"widget\" data-settings=\"{&quot;ashton_ext_link_sidemenu&quot;:&quot;false&quot;,&quot;ashton_ext_link_fullmenu&quot;:&quot;false&quot;,&quot;ashton_ext_is_sticky&quot;:&quot;false&quot;,&quot;ashton_ext_is_scrollme&quot;:&quot;false&quot;,&quot;ashton_ext_is_smoove&quot;:&quot;false&quot;,&quot;ashton_ext_is_parallax_mouse&quot;:&quot;false&quot;,&quot;ashton_ext_is_infinite&quot;:&quot;false&quot;,&quot;ashton_ext_is_fadeout_animation&quot;:&quot;false&quot;}\" data-widget_type=\"text-editor.default\">\n\t\t\t\t<div class=\"elementor-widget-container\">\n\t\t\t<style>\/*! elementor - v3.23.0 - 25-07-2024 *\/\n.elementor-widget-text-editor.elementor-drop-cap-view-stacked .elementor-drop-cap{background-color:#69727d;color:#fff}.elementor-widget-text-editor.elementor-drop-cap-view-framed .elementor-drop-cap{color:#69727d;border:3px solid;background-color:transparent}.elementor-widget-text-editor:not(.elementor-drop-cap-view-default) .elementor-drop-cap{margin-top:8px}.elementor-widget-text-editor:not(.elementor-drop-cap-view-default) .elementor-drop-cap-letter{width:1em;height:1em}.elementor-widget-text-editor .elementor-drop-cap{float:left;text-align:center;line-height:1;font-size:50px}.elementor-widget-text-editor .elementor-drop-cap-letter{display:inline-block}<\/style>\t\t\t\t<!-- wp:paragraph -->\n<p>El Derecho agrario es una rama especializada del derecho civil, que como conjunto de normas y reglamentos, constituye el orden jur\u00eddico que regula los problemas de la tenencia de la tierra, as\u00ed como sus diversas formas de propiedad y la actividad agraria que se realiza sobre ella. Estas disposiciones jur\u00eddicas especializadas tambi\u00e9n regulan las actividades de producci\u00f3n, transformaci\u00f3n, industrializaci\u00f3n y enajenaci\u00f3n de productos agr\u00edcolas.<\/p>\n<!-- \/wp:paragraph -->\n\n<!-- wp:paragraph -->\n<p>La\u00a0agricultura\u00a0tiene un gran impacto en el\u00a0medio ambiente. En los \u00faltimos a\u00f1os, algunos aspectos de la agricultura intensiva a nivel industrial han sido cada vez m\u00e1s pol\u00e9micos. La creciente influencia de las grandes compa\u00f1\u00edas productoras de semillas y productos qu\u00edmicos y las procesadoras de comida preocupan cada vez m\u00e1s tanto a los agricultores como al p\u00fablico en general.<\/p>\n<!-- \/wp:paragraph -->\n\n<!-- wp:paragraph -->\n<p>Los tr\u00e1mites de los procesos judiciales y extrajudiciales deben ser r\u00e1pidos y eficaces, por lo que el conocimiento especializado en esta rama del derecho es de suma importancia en la soluci\u00f3n de situaciones agrario-ambientales.<\/p>\n<!-- \/wp:paragraph -->\n\n<!-- wp:paragraph -->\n<p>Bufete Salazar y Compa\u00f1\u00eda le ofrece los servicios en:<\/p>\n<!-- \/wp:paragraph -->\n\n<!-- wp:list -->\n<ul><!-- wp:list-item -->\n<li>Informaciones Posesorias sobre terrenos r\u00fasticos.<\/li>\n<!-- \/wp:list-item -->\n\n<!-- wp:list-item -->\n<li>Deslindes y Amojonamienos.<\/li>\n<!-- \/wp:list-item -->\n\n<!-- wp:list-item -->\n<li>Acciones reinvindicatorias.<\/li>\n<!-- \/wp:list-item -->\n\n<!-- wp:list-item -->\n<li>Interdictos de amparo de posesi\u00f3n y restituci\u00f3n.<\/li>\n<!-- \/wp:list-item -->\n\n<!-- wp:list-item -->\n<li>Servidumbres agr\u00edcolas.<\/li>\n<!-- \/wp:list-item -->\n\n<!-- wp:list-item -->\n<li>Localizaciones de derechos indivisos y divisiones materiales.<\/li>\n<!-- \/wp:list-item -->\n\n<!-- wp:list-item -->\n<li>Contratos de aparcer\u00eda rural, esquilmo, arrendamiento o pr\u00e9stamo gratuito de tierras.<\/li>\n<!-- \/wp:list-item -->\n\n<!-- wp:list-item -->\n<li>Recursos judiciales y administrativos contra resoluciones del Instituto de Desarrollo Rural (INDER)<\/li>\n<!-- \/wp:list-item -->\n\n<!-- wp:list-item -->\n<li>Toda clase de contratos agr\u00edcolas y ambientales.<\/li>\n<!-- \/wp:list-item -->\n\n<!-- wp:list-item -->\n<li>Derecho forestal.<\/li>\n<!-- \/wp:list-item --><\/ul>\n<!-- \/wp:list -->\t\t\t\t\t\t<\/div>\n\t\t\t\t<\/div>\n\t\t\t\t\t<\/div>\n\t\t\t\t<\/div>\n\t\t\t\t<\/div>\n\t\t","protected":false},"excerpt":{"rendered":"<p>El Derecho agrario es una rama especializada del derecho civil, que como conjunto de normas y reglamentos, constituye el orden jur\u00eddico que regula los problemas de la tenencia de la tierra, as\u00ed como sus diversas formas de propiedad y la [&hellip;]<\/p>\n","protected":false},"author":1,"featured_media":12505,"parent":0,"menu_order":0,"comment_status":"closed","ping_status":"closed","template":"page-r.php","meta":{"footnotes":""},"class_list":["post-12503","page","type-page","status-publish","has-post-thumbnail","hentry"],"_links":{"self":[{"href":"https:\/\/www.bufetesalazarcr.com\/index.php?rest_route=\/wp\/v2\/pages\/12503","targetHints":{"allow":["GET"]}}],"collection":[{"href":"https:\/\/www.bufetesalazarcr.com\/index.php?rest_route=\/wp\/v2\/pages"}],"about":[{"href":"https:\/\/www.bufetesalazarcr.com\/index.php?rest_route=\/wp\/v2\/types\/page"}],"author":[{"embeddable":true,"href":"https:\/\/www.bufetesalazarcr.com\/index.php?rest_route=\/wp\/v2\/users\/1"}],"replies":[{"embeddable":true,"href":"https:\/\/www.bufetesalazarcr.com\/index.php?rest_route=%2Fwp%2Fv2%2Fcomments&post=12503"}],"version-history":[{"count":4,"href":"https:\/\/www.bufetesalazarcr.com\/index.php?rest_route=\/wp\/v2\/pages\/12503\/revisions"}],"predecessor-version":[{"id":12509,"href":"https:\/\/www.bufetesalazarcr.com\/index.php?rest_route=\/wp\/v2\/pages\/12503\/revisions\/12509"}],"wp:featuredmedia":[{"embeddable":true,"href":"https:\/\/www.bufetesalazarcr.com\/index.php?rest_route=\/wp\/v2\/media\/12505"}],"wp:attachment":[{"href":"https:\/\/www.bufetesalazarcr.com\/index.php?rest_route=%2Fwp%2Fv2%2Fmedia&parent=12503"}],"curies":[{"name":"wp","href":"https:\/\/api.w.org\/{rel}","templated":true}]}}