{"id":12530,"date":"2024-06-19T04:17:25","date_gmt":"2024-06-19T04:17:25","guid":{"rendered":"https:\/\/www.bufetesalazarcr.com\/?page_id=12530"},"modified":"2024-06-19T04:21:39","modified_gmt":"2024-06-19T04:21:39","slug":"derecho-de-familia","status":"publish","type":"page","link":"https:\/\/www.bufetesalazarcr.com\/?page_id=12530","title":{"rendered":"DERECHO DE FAMILIA"},"content":{"rendered":"\t\t<div data-elementor-type=\"wp-page\" data-elementor-id=\"12530\" class=\"elementor elementor-12530\">\n\t\t\t\t<div class=\"elementor-element elementor-element-75da4c27 e-flex e-con-boxed e-con e-parent\" data-id=\"75da4c27\" data-element_type=\"container\">\n\t\t\t\t\t<div class=\"e-con-inner\">\n\t\t\t\t<div class=\"elementor-element elementor-element-23cebf6a elementor-widget elementor-widget-text-editor\" data-id=\"23cebf6a\" data-element_type=\"widget\" data-settings=\"{&quot;ashton_ext_link_sidemenu&quot;:&quot;false&quot;,&quot;ashton_ext_link_fullmenu&quot;:&quot;false&quot;,&quot;ashton_ext_is_sticky&quot;:&quot;false&quot;,&quot;ashton_ext_is_scrollme&quot;:&quot;false&quot;,&quot;ashton_ext_is_smoove&quot;:&quot;false&quot;,&quot;ashton_ext_is_parallax_mouse&quot;:&quot;false&quot;,&quot;ashton_ext_is_infinite&quot;:&quot;false&quot;,&quot;ashton_ext_is_fadeout_animation&quot;:&quot;false&quot;}\" data-widget_type=\"text-editor.default\">\n\t\t\t\t<div class=\"elementor-widget-container\">\n\t\t\t<style>\/*! elementor - v3.23.0 - 25-07-2024 *\/\n.elementor-widget-text-editor.elementor-drop-cap-view-stacked .elementor-drop-cap{background-color:#69727d;color:#fff}.elementor-widget-text-editor.elementor-drop-cap-view-framed .elementor-drop-cap{color:#69727d;border:3px solid;background-color:transparent}.elementor-widget-text-editor:not(.elementor-drop-cap-view-default) .elementor-drop-cap{margin-top:8px}.elementor-widget-text-editor:not(.elementor-drop-cap-view-default) .elementor-drop-cap-letter{width:1em;height:1em}.elementor-widget-text-editor .elementor-drop-cap{float:left;text-align:center;line-height:1;font-size:50px}.elementor-widget-text-editor .elementor-drop-cap-letter{display:inline-block}<\/style>\t\t\t\t<!-- wp:paragraph -->\n<p>Dentro del \u00e1mbito del\u00a0<strong>Derecho de Familia<\/strong>, dada la peculiaridad y particularidad de las materias que implican esta jurisdicci\u00f3n, cuyas consecuencias personales y patrimoniales son de enorme transcendencia, se hace imprescindible asesorarse por un profesional experto en ellas, que defienda sus derechos y luche por sus intereses, as\u00ed como los de su familia.<\/p>\n<!-- \/wp:paragraph --><!-- wp:paragraph -->\n<p>En\u00a0<strong>Bufete Salazar y Asociados<\/strong>\u00a0le ofrecemos un servicio profesional excelente, cercano y humano, que le dignifique en el trato mutuo. A lo largo de nuestra trayectoria hemos puesto en pr\u00e1ctica como primera v\u00eda de soluci\u00f3n de las controversias matrimoniales, la mediaci\u00f3n y el acercamiento de posturas a trav\u00e9s de la v\u00eda extrajudicial.<\/p>\n<!-- \/wp:paragraph --><!-- wp:paragraph -->\n<p>Somos plenamente conscientes que los problemas familiares son extremadamente delicados, por lo que nuestros servicios van m\u00e1s all\u00e1 de lo jur\u00eddico, apoy\u00e1ndole durante la tramitaci\u00f3n del procedimiento, no s\u00f3lo hasta la obtenci\u00f3n de la Sentencia, asesor\u00e1ndole en el d\u00eda a d\u00eda, y cuidando la confidencialidad que la materia requiere.<\/p>\n<!-- \/wp:paragraph --><!-- wp:paragraph -->\n<p>Nuestro Despacho le brinda un Asesoramiento y Defensa integral en la tramitaci\u00f3n de las siguientes materias:<\/p>\n<!-- \/wp:paragraph --><!-- wp:list -->\n<ul><!-- wp:list-item -->\n<li>Matrimonios Civiles<\/li>\n<!-- \/wp:list-item --><!-- wp:list-item -->\n<li>Capitulaciones matrimoniales (contratos de patrimonio pre-nupcial)<\/li>\n<!-- \/wp:list-item --><!-- wp:list-item -->\n<li>Divorcio o separaci\u00f3n, ya sea de mutuo acuerdo o de forma contenciosa.<\/li>\n<!-- \/wp:list-item --><!-- wp:list-item -->\n<li>Medidas relativas a hijos fuera del matrimonio (guarda y custodia, alimentos).<\/li>\n<!-- \/wp:list-item --><!-- wp:list-item -->\n<li>Guarda y custodia, ya sea compartida o individual.<\/li>\n<!-- \/wp:list-item --><!-- wp:list-item -->\n<li>Pensi\u00f3n de alimentos.<\/li>\n<!-- \/wp:list-item --><!-- wp:list-item -->\n<li>Medidas provisionales \/ medidas provisional\u00edsimas.<\/li>\n<!-- \/wp:list-item --><!-- wp:list-item -->\n<li>Vivienda familiar y cargas del matrimonio.<\/li>\n<!-- \/wp:list-item --><!-- wp:list-item -->\n<li>Nulidad civil o eclesi\u00e1stica.<\/li>\n<!-- \/wp:list-item --><!-- wp:list-item -->\n<li>Privaci\u00f3n de patria potestad.<\/li>\n<!-- \/wp:list-item --><!-- wp:list-item -->\n<li>Liquidaci\u00f3n de la sociedad de gananciales.<\/li>\n<!-- \/wp:list-item --><!-- wp:list-item -->\n<li>Reg\u00edmenes econ\u00f3micos del matrimonio.<\/li>\n<!-- \/wp:list-item --><!-- wp:list-item -->\n<li>Modificaci\u00f3n de medidas: cambios de guarda y custodia\/ aumento o disminuci\u00f3n de pensi\u00f3n de alimentos\/extinci\u00f3n.<\/li>\n<!-- \/wp:list-item --><!-- wp:list-item -->\n<li>Impago de pensi\u00f3n alimenticia.<\/li>\n<!-- \/wp:list-item --><!-- wp:list-item -->\n<li>Incumplimiento del r\u00e9gimen de visitas.<\/li>\n<!-- \/wp:list-item --><!-- wp:list-item -->\n<li>Incapacitaci\u00f3n judicial, (protecci\u00f3n de personas).<\/li>\n<!-- \/wp:list-item --><!-- wp:list-item -->\n<li>Reclamaci\u00f3n de paternidad y filiaci\u00f3n.<\/li>\n<!-- \/wp:list-item --><!-- wp:list-item -->\n<li>Uniones de hecho.<\/li>\n<!-- \/wp:list-item --><!-- wp:list-item -->\n<li>Protecci\u00f3n de menores e incapaces.<\/li>\n<!-- \/wp:list-item --><\/ul>\n<!-- \/wp:list -->\t\t\t\t\t\t<\/div>\n\t\t\t\t<\/div>\n\t\t\t\t\t<\/div>\n\t\t\t\t<\/div>\n\t\t\t\t<\/div>\n\t\t","protected":false},"excerpt":{"rendered":"<p>Dentro del \u00e1mbito del\u00a0Derecho de Familia, dada la peculiaridad y particularidad de las materias que implican esta jurisdicci\u00f3n, cuyas consecuencias personales y patrimoniales son de enorme transcendencia, se hace imprescindible asesorarse por un profesional experto en ellas, que defienda sus [&hellip;]<\/p>\n","protected":false},"author":1,"featured_media":213,"parent":0,"menu_order":0,"comment_status":"closed","ping_status":"closed","template":"page-r.php","meta":{"footnotes":""},"class_list":["post-12530","page","type-page","status-publish","has-post-thumbnail","hentry"],"_links":{"self":[{"href":"https:\/\/www.bufetesalazarcr.com\/index.php?rest_route=\/wp\/v2\/pages\/12530","targetHints":{"allow":["GET"]}}],"collection":[{"href":"https:\/\/www.bufetesalazarcr.com\/index.php?rest_route=\/wp\/v2\/pages"}],"about":[{"href":"https:\/\/www.bufetesalazarcr.com\/index.php?rest_route=\/wp\/v2\/types\/page"}],"author":[{"embeddable":true,"href":"https:\/\/www.bufetesalazarcr.com\/index.php?rest_route=\/wp\/v2\/users\/1"}],"replies":[{"embeddable":true,"href":"https:\/\/www.bufetesalazarcr.com\/index.php?rest_route=%2Fwp%2Fv2%2Fcomments&post=12530"}],"version-history":[{"count":7,"href":"https:\/\/www.bufetesalazarcr.com\/index.php?rest_route=\/wp\/v2\/pages\/12530\/revisions"}],"predecessor-version":[{"id":12542,"href":"https:\/\/www.bufetesalazarcr.com\/index.php?rest_route=\/wp\/v2\/pages\/12530\/revisions\/12542"}],"wp:featuredmedia":[{"embeddable":true,"href":"https:\/\/www.bufetesalazarcr.com\/index.php?rest_route=\/wp\/v2\/media\/213"}],"wp:attachment":[{"href":"https:\/\/www.bufetesalazarcr.com\/index.php?rest_route=%2Fwp%2Fv2%2Fmedia&parent=12530"}],"curies":[{"name":"wp","href":"https:\/\/api.w.org\/{rel}","templated":true}]}}