{"id":12543,"date":"2024-06-19T04:23:31","date_gmt":"2024-06-19T04:23:31","guid":{"rendered":"https:\/\/www.bufetesalazarcr.com\/?page_id=12543"},"modified":"2024-06-19T04:25:39","modified_gmt":"2024-06-19T04:25:39","slug":"derecho-empresarial-y-mercantil","status":"publish","type":"page","link":"https:\/\/www.bufetesalazarcr.com\/?page_id=12543","title":{"rendered":"DERECHO EMPRESARIAL Y MERCANTIL"},"content":{"rendered":"\t\t<div data-elementor-type=\"wp-page\" data-elementor-id=\"12543\" class=\"elementor elementor-12543\">\n\t\t\t\t<div class=\"elementor-element elementor-element-f698d1a e-flex e-con-boxed e-con e-parent\" data-id=\"f698d1a\" data-element_type=\"container\">\n\t\t\t\t\t<div class=\"e-con-inner\">\n\t\t\t\t<div class=\"elementor-element elementor-element-331c8b1d elementor-widget elementor-widget-text-editor\" data-id=\"331c8b1d\" data-element_type=\"widget\" data-settings=\"{&quot;ashton_ext_link_sidemenu&quot;:&quot;false&quot;,&quot;ashton_ext_link_fullmenu&quot;:&quot;false&quot;,&quot;ashton_ext_is_sticky&quot;:&quot;false&quot;,&quot;ashton_ext_is_scrollme&quot;:&quot;false&quot;,&quot;ashton_ext_is_smoove&quot;:&quot;false&quot;,&quot;ashton_ext_is_parallax_mouse&quot;:&quot;false&quot;,&quot;ashton_ext_is_infinite&quot;:&quot;false&quot;,&quot;ashton_ext_is_fadeout_animation&quot;:&quot;false&quot;}\" data-widget_type=\"text-editor.default\">\n\t\t\t\t<div class=\"elementor-widget-container\">\n\t\t\t<style>\/*! elementor - v3.23.0 - 25-07-2024 *\/\n.elementor-widget-text-editor.elementor-drop-cap-view-stacked .elementor-drop-cap{background-color:#69727d;color:#fff}.elementor-widget-text-editor.elementor-drop-cap-view-framed .elementor-drop-cap{color:#69727d;border:3px solid;background-color:transparent}.elementor-widget-text-editor:not(.elementor-drop-cap-view-default) .elementor-drop-cap{margin-top:8px}.elementor-widget-text-editor:not(.elementor-drop-cap-view-default) .elementor-drop-cap-letter{width:1em;height:1em}.elementor-widget-text-editor .elementor-drop-cap{float:left;text-align:center;line-height:1;font-size:50px}.elementor-widget-text-editor .elementor-drop-cap-letter{display:inline-block}<\/style>\t\t\t\t<!-- wp:paragraph -->\n<p>En el \u00e1rea de &nbsp;Derecho Mercantil, el&nbsp;<strong>Bufete<\/strong><strong>&nbsp;Salazar y Compa\u00f1\u00eda<\/strong>&nbsp;cuenta con un profundo conocimiento de la legislaci\u00f3n costarricense, lo que nos permite prestar un asesoramiento integral en aspectos&nbsp; como el&nbsp; derecho societario,&nbsp; la contrataci\u00f3n mercantil, fusiones y adquisiciones y derecho concursal entre otros.<\/p>\n<!-- \/wp:paragraph -->\n\n<!-- wp:paragraph -->\n<p>Su empresa debe estar protegida y asesorada en el \u00e1mbito jur\u00eddico, para salvaguardar sus resultados y la buena gesti\u00f3n de su empresa. La vida empresarial actual implica un constante desarrollo en el que nuestros profesionales, completamente al d\u00eda en las \u00faltimas modificaciones legislativas, le saben ofrecer un apoyo y un tratamiento acorde con sus necesidades.<\/p>\n<!-- \/wp:paragraph -->\n\n<!-- wp:paragraph -->\n<p>En&nbsp;<strong>Bufete Salazar y Compa\u00f1\u00eda<\/strong>&nbsp;estamos en la mayor disposici\u00f3n en asesorarle en asuntos como:<\/p>\n<!-- \/wp:paragraph -->\n\n<!-- wp:list -->\n<ul><!-- wp:list-item -->\n<li>Constituci\u00f3n\u00a0\u00a0y modificaci\u00f3n de Sociedades Civiles y Mercantiles<\/li>\n<!-- \/wp:list-item -->\n\n<!-- wp:list-item -->\n<li>Reformas Estatutarias y de Juntas Directivas<\/li>\n<!-- \/wp:list-item -->\n\n<!-- wp:list-item -->\n<li>Ampliaci\u00f3n\/ Disminuci\u00f3n de Capital<\/li>\n<!-- \/wp:list-item -->\n\n<!-- wp:list-item -->\n<li>Resoluci\u00f3n de conflictos societarios<\/li>\n<!-- \/wp:list-item -->\n\n<!-- wp:list-item -->\n<li>Responsabilidad civil societaria<\/li>\n<!-- \/wp:list-item -->\n\n<!-- wp:list-item -->\n<li>Disoluci\u00f3n de Sociedades<\/li>\n<!-- \/wp:list-item -->\n\n<!-- wp:list-item -->\n<li>Compra\/ Venta de Participaciones\/ Sociedades\/ Acciones<\/li>\n<!-- \/wp:list-item -->\n\n<!-- wp:list-item -->\n<li>Fusiones y Adquisiciones<\/li>\n<!-- \/wp:list-item -->\n\n<!-- wp:list-item -->\n<li>Acuerdos de Joint Venture, Compraventas, ofertas p\u00fablicas de adquisici\u00f3n y venta<\/li>\n<!-- \/wp:list-item -->\n\n<!-- wp:list-item -->\n<li>Due Diligence<\/li>\n<!-- \/wp:list-item -->\n\n<!-- wp:list-item -->\n<li>Derecho Societario<\/li>\n<!-- \/wp:list-item -->\n\n<!-- wp:list-item -->\n<li>Derecho Concursal (quiebras e insolvencias financieras)<\/li>\n<!-- \/wp:list-item -->\n\n<!-- wp:list-item -->\n<li>Contrataci\u00f3n Mercantil\u00a0<\/li>\n<!-- \/wp:list-item -->\n\n<!-- wp:list-item -->\n<li>Compraventa internacional de mercanc\u00edas<\/li>\n<!-- \/wp:list-item -->\n\n<!-- wp:list-item -->\n<li>Propiedad Industrial\/Intelectual<\/li>\n<!-- \/wp:list-item -->\n\n<!-- wp:list-item -->\n<li>Inscripci\u00f3n de marcas y nombres comerciales<\/li>\n<!-- \/wp:list-item -->\n\n<!-- wp:list-item -->\n<li>Contratos de Representaci\u00f3n Mercantil y Distribuci\u00f3n Comercial:<ul><li>Comisi\u00f3n<\/li><\/ul><ul><li>Agencia<\/li><\/ul><ul><li>Mediaci\u00f3n<\/li><\/ul><ul><li>Concesi\u00f3n<\/li><\/ul><ul><li>Distribuci\u00f3n<\/li><\/ul><ul><li>Delegaci\u00f3n<\/li><\/ul><!-- wp:list -->\n<ul><!-- wp:list-item -->\n<li>Franquicia<\/li>\n<!-- \/wp:list-item --><\/ul>\n<!-- \/wp:list --><\/li>\n<!-- \/wp:list-item --><\/ul>\n<!-- \/wp:list -->\t\t\t\t\t\t<\/div>\n\t\t\t\t<\/div>\n\t\t\t\t\t<\/div>\n\t\t\t\t<\/div>\n\t\t\t\t<\/div>\n\t\t","protected":false},"excerpt":{"rendered":"<p>En el \u00e1rea de &nbsp;Derecho Mercantil, el&nbsp;Bufete&nbsp;Salazar y Compa\u00f1\u00eda&nbsp;cuenta con un profundo conocimiento de la legislaci\u00f3n costarricense, lo que nos permite prestar un asesoramiento integral en aspectos&nbsp; como el&nbsp; derecho societario,&nbsp; la contrataci\u00f3n mercantil, fusiones y adquisiciones y derecho concursal [&hellip;]<\/p>\n","protected":false},"author":1,"featured_media":765,"parent":0,"menu_order":0,"comment_status":"closed","ping_status":"closed","template":"page-r.php","meta":{"footnotes":""},"class_list":["post-12543","page","type-page","status-publish","has-post-thumbnail","hentry"],"_links":{"self":[{"href":"https:\/\/www.bufetesalazarcr.com\/index.php?rest_route=\/wp\/v2\/pages\/12543","targetHints":{"allow":["GET"]}}],"collection":[{"href":"https:\/\/www.bufetesalazarcr.com\/index.php?rest_route=\/wp\/v2\/pages"}],"about":[{"href":"https:\/\/www.bufetesalazarcr.com\/index.php?rest_route=\/wp\/v2\/types\/page"}],"author":[{"embeddable":true,"href":"https:\/\/www.bufetesalazarcr.com\/index.php?rest_route=\/wp\/v2\/users\/1"}],"replies":[{"embeddable":true,"href":"https:\/\/www.bufetesalazarcr.com\/index.php?rest_route=%2Fwp%2Fv2%2Fcomments&post=12543"}],"version-history":[{"count":4,"href":"https:\/\/www.bufetesalazarcr.com\/index.php?rest_route=\/wp\/v2\/pages\/12543\/revisions"}],"predecessor-version":[{"id":12547,"href":"https:\/\/www.bufetesalazarcr.com\/index.php?rest_route=\/wp\/v2\/pages\/12543\/revisions\/12547"}],"wp:featuredmedia":[{"embeddable":true,"href":"https:\/\/www.bufetesalazarcr.com\/index.php?rest_route=\/wp\/v2\/media\/765"}],"wp:attachment":[{"href":"https:\/\/www.bufetesalazarcr.com\/index.php?rest_route=%2Fwp%2Fv2%2Fmedia&parent=12543"}],"curies":[{"name":"wp","href":"https:\/\/api.w.org\/{rel}","templated":true}]}}