{"id":12579,"date":"2024-06-19T04:44:30","date_gmt":"2024-06-19T04:44:30","guid":{"rendered":"https:\/\/www.bufetesalazarcr.com\/?page_id=12579"},"modified":"2024-06-19T04:46:54","modified_gmt":"2024-06-19T04:46:54","slug":"accidentes-de-transito","status":"publish","type":"page","link":"https:\/\/www.bufetesalazarcr.com\/?page_id=12579","title":{"rendered":"ACCIDENTES DE TR\u00c1NSITO"},"content":{"rendered":"\t\t<div data-elementor-type=\"wp-page\" data-elementor-id=\"12579\" class=\"elementor elementor-12579\">\n\t\t\t\t<div class=\"elementor-element elementor-element-191be0eb e-flex e-con-boxed e-con e-parent\" data-id=\"191be0eb\" data-element_type=\"container\">\n\t\t\t\t\t<div class=\"e-con-inner\">\n\t\t\t\t<div class=\"elementor-element elementor-element-1d15260c elementor-widget elementor-widget-text-editor\" data-id=\"1d15260c\" data-element_type=\"widget\" data-settings=\"{&quot;ashton_ext_link_sidemenu&quot;:&quot;false&quot;,&quot;ashton_ext_link_fullmenu&quot;:&quot;false&quot;,&quot;ashton_ext_is_sticky&quot;:&quot;false&quot;,&quot;ashton_ext_is_scrollme&quot;:&quot;false&quot;,&quot;ashton_ext_is_smoove&quot;:&quot;false&quot;,&quot;ashton_ext_is_parallax_mouse&quot;:&quot;false&quot;,&quot;ashton_ext_is_infinite&quot;:&quot;false&quot;,&quot;ashton_ext_is_fadeout_animation&quot;:&quot;false&quot;}\" data-widget_type=\"text-editor.default\">\n\t\t\t\t<div class=\"elementor-widget-container\">\n\t\t\t<style>\/*! elementor - v3.23.0 - 25-07-2024 *\/\n.elementor-widget-text-editor.elementor-drop-cap-view-stacked .elementor-drop-cap{background-color:#69727d;color:#fff}.elementor-widget-text-editor.elementor-drop-cap-view-framed .elementor-drop-cap{color:#69727d;border:3px solid;background-color:transparent}.elementor-widget-text-editor:not(.elementor-drop-cap-view-default) .elementor-drop-cap{margin-top:8px}.elementor-widget-text-editor:not(.elementor-drop-cap-view-default) .elementor-drop-cap-letter{width:1em;height:1em}.elementor-widget-text-editor .elementor-drop-cap{float:left;text-align:center;line-height:1;font-size:50px}.elementor-widget-text-editor .elementor-drop-cap-letter{display:inline-block}<\/style>\t\t\t\t<!-- wp:paragraph -->\n<p><strong>Bufete Salazar y Compa\u00f1\u00eda<\/strong>&nbsp;es una firma especializada en el \u00e1mbito de las reclamaciones de indemnizaciones derivadas de accidentes de tr\u00e1nsito que tiene como objetivo lograr la m\u00e1xima indemnizaci\u00f3n posible derivada de ese accidente de tr\u00e1nsito que ha sufrido. Nuestros profesionales reclamar\u00e1n su indemnizaci\u00f3n evit\u00e1ndole, en la medida de lo posible, las molestias derivadas de la gesti\u00f3n de la misma. Debe saber que tras sufrir el accidente, ya sea usted conductor, peat\u00f3n, acompa\u00f1ante, usuario de bicicleta, etc., puede hacer la reclamaci\u00f3n pertinente por los da\u00f1os derivados del mismo as\u00ed como por las lesiones sufridas en el accidente. Nuestro bufete le asesorar\u00e1 y ayudar\u00e1 en la gesti\u00f3n de los tr\u00e1mites del siniestro bien para reparar los da\u00f1os de su veh\u00edculo, o bien para lograr la m\u00e1xima indemnizaci\u00f3n por las lesiones derivadas.&nbsp;&nbsp;Tramitamos los procedimientos de tr\u00e1nsito tanto desde el \u00e1mbito del Derecho Civil como desde el Penal.<\/p>\n<!-- \/wp:paragraph -->\n\n<!-- wp:paragraph -->\n<p>En&nbsp;<strong>Bufete Salazar y Compa\u00f1\u00eda<\/strong>&nbsp;usted contar\u00e1 con la mejor actuaci\u00f3n ante cuestiones como:&nbsp;<\/p>\n<!-- \/wp:paragraph -->\n\n<!-- wp:list -->\n<ul><!-- wp:list-item -->\n<li>Recursos Administrativos en las diferentes Jefaturas de Tr\u00e1nsito\u00a0<\/li>\n<!-- \/wp:list-item -->\n\n<!-- wp:list-item -->\n<li>Reclamaciones derivadas de Accidentes de Tr\u00e1nsito\u00a0<\/li>\n<!-- \/wp:list-item -->\n\n<!-- wp:list-item -->\n<li>Solicitud de Indemnizaci\u00f3n por v\u00eda judicial: Reclamaci\u00f3n de Cantidad\u00a0<\/li>\n<!-- \/wp:list-item -->\n\n<!-- wp:list-item -->\n<li>Asistencia Jur\u00eddica en cualquier asunto relacionado con la Circulaci\u00f3n Vial\u00a0<\/li>\n<!-- \/wp:list-item -->\n\n<!-- wp:list-item -->\n<li>Conducci\u00f3n sin permiso\u00a0<\/li>\n<!-- \/wp:list-item -->\n\n<!-- wp:list-item -->\n<li>Conducci\u00f3n bajo los efectos de alcohol o sustancias\u00a0<\/li>\n<!-- \/wp:list-item -->\n\n<!-- wp:list-item -->\n<li>Conducci\u00f3n temeraria\/ Excesos de Velocidad<\/li>\n<!-- \/wp:list-item -->\n\n<!-- wp:list-item -->\n<li>Da\u00f1o Emergente\/ Lucro Cesante\u00a0<\/li>\n<!-- \/wp:list-item -->\n\n<!-- wp:list-item -->\n<li>Accidentes de Tr\u00e1nsito ocasionados por atropello de Especies Cineg\u00e9ticas\u00a0<\/li>\n<!-- \/wp:list-item -->\n\n<!-- wp:list-item -->\n<li>Siniestro Total. Discrepancias en el Valor Venal del Veh\u00edculo\u00a0<\/li>\n<!-- \/wp:list-item -->\n\n<!-- wp:list-item -->\n<li>Solicitud de Indemnizaci\u00f3n por v\u00eda extrajudicial: Negociaci\u00f3n con la Aseguradora<\/li>\n<!-- \/wp:list-item --><\/ul>\n<!-- \/wp:list -->\t\t\t\t\t\t<\/div>\n\t\t\t\t<\/div>\n\t\t\t\t\t<\/div>\n\t\t\t\t<\/div>\n\t\t\t\t<\/div>\n\t\t","protected":false},"excerpt":{"rendered":"<p>Bufete Salazar y Compa\u00f1\u00eda&nbsp;es una firma especializada en el \u00e1mbito de las reclamaciones de indemnizaciones derivadas de accidentes de tr\u00e1nsito que tiene como objetivo lograr la m\u00e1xima indemnizaci\u00f3n posible derivada de ese accidente de tr\u00e1nsito que ha sufrido. Nuestros profesionales [&hellip;]<\/p>\n","protected":false},"author":1,"featured_media":12581,"parent":0,"menu_order":0,"comment_status":"closed","ping_status":"closed","template":"page-r.php","meta":{"footnotes":""},"class_list":["post-12579","page","type-page","status-publish","has-post-thumbnail","hentry"],"_links":{"self":[{"href":"https:\/\/www.bufetesalazarcr.com\/index.php?rest_route=\/wp\/v2\/pages\/12579","targetHints":{"allow":["GET"]}}],"collection":[{"href":"https:\/\/www.bufetesalazarcr.com\/index.php?rest_route=\/wp\/v2\/pages"}],"about":[{"href":"https:\/\/www.bufetesalazarcr.com\/index.php?rest_route=\/wp\/v2\/types\/page"}],"author":[{"embeddable":true,"href":"https:\/\/www.bufetesalazarcr.com\/index.php?rest_route=\/wp\/v2\/users\/1"}],"replies":[{"embeddable":true,"href":"https:\/\/www.bufetesalazarcr.com\/index.php?rest_route=%2Fwp%2Fv2%2Fcomments&post=12579"}],"version-history":[{"count":4,"href":"https:\/\/www.bufetesalazarcr.com\/index.php?rest_route=\/wp\/v2\/pages\/12579\/revisions"}],"predecessor-version":[{"id":12584,"href":"https:\/\/www.bufetesalazarcr.com\/index.php?rest_route=\/wp\/v2\/pages\/12579\/revisions\/12584"}],"wp:featuredmedia":[{"embeddable":true,"href":"https:\/\/www.bufetesalazarcr.com\/index.php?rest_route=\/wp\/v2\/media\/12581"}],"wp:attachment":[{"href":"https:\/\/www.bufetesalazarcr.com\/index.php?rest_route=%2Fwp%2Fv2%2Fmedia&parent=12579"}],"curies":[{"name":"wp","href":"https:\/\/api.w.org\/{rel}","templated":true}]}}