{"id":13102,"date":"2024-06-22T22:09:58","date_gmt":"2024-06-22T22:09:58","guid":{"rendered":"https:\/\/www.bufetesalazarcr.com\/?page_id=13102"},"modified":"2024-07-26T03:50:20","modified_gmt":"2024-07-26T03:50:20","slug":"ricardo-alfonso-s","status":"publish","type":"page","link":"https:\/\/www.bufetesalazarcr.com\/?page_id=13102","title":{"rendered":"Ricardo Alfonso S."},"content":{"rendered":"\t\t<div data-elementor-type=\"wp-page\" data-elementor-id=\"13102\" class=\"elementor elementor-13102\">\n\t\t\t\t<div class=\"elementor-element elementor-element-f964a81 e-flex e-con-boxed e-con e-parent\" data-id=\"f964a81\" data-element_type=\"container\">\n\t\t\t\t\t<div class=\"e-con-inner\">\n\t\t<div class=\"elementor-element elementor-element-a88618d e-con-full e-flex e-con e-child\" data-id=\"a88618d\" data-element_type=\"container\">\n\t\t\t\t<div class=\"elementor-element elementor-element-81c9299 elementor-widget elementor-widget-image\" data-id=\"81c9299\" data-element_type=\"widget\" data-settings=\"{&quot;ashton_image_is_animation&quot;:&quot;false&quot;,&quot;ashton_ext_link_sidemenu&quot;:&quot;false&quot;,&quot;ashton_ext_link_fullmenu&quot;:&quot;false&quot;,&quot;ashton_ext_is_sticky&quot;:&quot;false&quot;,&quot;ashton_ext_is_scrollme&quot;:&quot;false&quot;,&quot;ashton_ext_is_smoove&quot;:&quot;false&quot;,&quot;ashton_ext_is_parallax_mouse&quot;:&quot;false&quot;,&quot;ashton_ext_is_infinite&quot;:&quot;false&quot;,&quot;ashton_ext_is_fadeout_animation&quot;:&quot;false&quot;}\" data-widget_type=\"image.default\">\n\t\t\t\t<div class=\"elementor-widget-container\">\n\t\t\t<style>\/*! elementor - v3.23.0 - 25-07-2024 *\/\n.elementor-widget-image{text-align:center}.elementor-widget-image a{display:inline-block}.elementor-widget-image a img[src$=\".svg\"]{width:48px}.elementor-widget-image img{vertical-align:middle;display:inline-block}<\/style>\t\t\t\t\t\t\t\t\t\t<img fetchpriority=\"high\" decoding=\"async\" width=\"597\" height=\"1024\" src=\"https:\/\/www.bufetesalazarcr.com\/wp-content\/uploads\/2024\/06\/Ricardo-Hijo-4-1-scaled-e1719619128504-597x1024.jpg\" class=\"attachment-large size-large wp-image-13289\" alt=\"\" srcset=\"https:\/\/www.bufetesalazarcr.com\/wp-content\/uploads\/2024\/06\/Ricardo-Hijo-4-1-scaled-e1719619128504-597x1024.jpg 597w, https:\/\/www.bufetesalazarcr.com\/wp-content\/uploads\/2024\/06\/Ricardo-Hijo-4-1-scaled-e1719619128504-175x300.jpg 175w, https:\/\/www.bufetesalazarcr.com\/wp-content\/uploads\/2024\/06\/Ricardo-Hijo-4-1-scaled-e1719619128504-768x1318.jpg 768w, https:\/\/www.bufetesalazarcr.com\/wp-content\/uploads\/2024\/06\/Ricardo-Hijo-4-1-scaled-e1719619128504-895x1536.jpg 895w, https:\/\/www.bufetesalazarcr.com\/wp-content\/uploads\/2024\/06\/Ricardo-Hijo-4-1-scaled-e1719619128504-1193x2048.jpg 1193w, https:\/\/www.bufetesalazarcr.com\/wp-content\/uploads\/2024\/06\/Ricardo-Hijo-4-1-scaled-e1719619128504-440x755.jpg 440w, https:\/\/www.bufetesalazarcr.com\/wp-content\/uploads\/2024\/06\/Ricardo-Hijo-4-1-scaled-e1719619128504.jpg 1437w\" sizes=\"(max-width: 597px) 100vw, 597px\" \/>\t\t\t\t\t\t\t\t\t\t\t\t\t<\/div>\n\t\t\t\t<\/div>\n\t\t\t\t<\/div>\n\t\t<div class=\"elementor-element elementor-element-46857ea e-con-full e-flex e-con e-child\" data-id=\"46857ea\" data-element_type=\"container\">\n\t\t\t\t<div class=\"elementor-element elementor-element-138a225 elementor-widget elementor-widget-text-editor\" data-id=\"138a225\" data-element_type=\"widget\" data-settings=\"{&quot;ashton_ext_link_sidemenu&quot;:&quot;false&quot;,&quot;ashton_ext_link_fullmenu&quot;:&quot;false&quot;,&quot;ashton_ext_is_sticky&quot;:&quot;false&quot;,&quot;ashton_ext_is_scrollme&quot;:&quot;false&quot;,&quot;ashton_ext_is_smoove&quot;:&quot;false&quot;,&quot;ashton_ext_is_parallax_mouse&quot;:&quot;false&quot;,&quot;ashton_ext_is_infinite&quot;:&quot;false&quot;,&quot;ashton_ext_is_fadeout_animation&quot;:&quot;false&quot;}\" data-widget_type=\"text-editor.default\">\n\t\t\t\t<div class=\"elementor-widget-container\">\n\t\t\t<style>\/*! elementor - v3.23.0 - 25-07-2024 *\/\n.elementor-widget-text-editor.elementor-drop-cap-view-stacked .elementor-drop-cap{background-color:#69727d;color:#fff}.elementor-widget-text-editor.elementor-drop-cap-view-framed .elementor-drop-cap{color:#69727d;border:3px solid;background-color:transparent}.elementor-widget-text-editor:not(.elementor-drop-cap-view-default) .elementor-drop-cap{margin-top:8px}.elementor-widget-text-editor:not(.elementor-drop-cap-view-default) .elementor-drop-cap-letter{width:1em;height:1em}.elementor-widget-text-editor .elementor-drop-cap{float:left;text-align:center;line-height:1;font-size:50px}.elementor-widget-text-editor .elementor-drop-cap-letter{display:inline-block}<\/style>\t\t\t\t<ul><li><strong>C\u00f3digo Colegio Abogados: <\/strong>28.413<strong style=\"font-family: inherit; font-style: inherit; text-align: var(--text-align); letter-spacing: 0px;\">\u00a0<\/strong><\/li><li><strong>Tel\u00e9fono:<\/strong>\u00a0(+506) 2460-9050 ext. 3<\/li><li style=\"font-weight: 400;\"><strong>Correo:<\/strong>\u00a0rasalazar@bufetesalazarcr.com<\/li><li><strong>Idiomas:<\/strong><span style=\"font-weight: 400;\">\u00a0Espa\u00f1ol, Ingl\u00e9s.<\/span><\/li><\/ul><p><strong style=\"font-family: inherit; font-style: inherit; text-align: var(--text-align); letter-spacing: 0px;\">\u00c1REAS DE PR\u00c1CTICA<\/strong><\/p><ul><li>Derecho Civil y Cobratorio<\/li><li>Derecho Sucesorio<\/li><li>Derecho Agrario y Ambiental<\/li><li>Derecho Empresarial<\/li><li>Derecho Mercantil y Comercial<\/li><li>Derecho Laboral<\/li><li>Derecho Penal y Tr\u00e1nsit<\/li><\/ul><p><strong>NOTAR\u00cdA P\u00daBLICA<\/strong><\/p><ul><li>Sucesorio Notarial<\/li><li>Constituci\u00f3n de Sociedades<\/li><li>Segregaciones y Servidumbres<\/li><li>Traspasos y Donaciones<\/li><li>Hipotecas y Prendas<\/li><li>Notificaciones Notariales<\/li><li>Traducciones del Ingl\u00e9s<\/li><li>Matrimonios y Capitulaciones<\/li><\/ul><ul><li style=\"list-style-type: none;\">\u00a0<\/li><\/ul>\t\t\t\t\t\t<\/div>\n\t\t\t\t<\/div>\n\t\t\t\t<\/div>\n\t\t\t\t\t<\/div>\n\t\t\t\t<\/div>\n\t\t<div class=\"elementor-element elementor-element-543417f e-flex e-con-boxed e-con e-parent\" data-id=\"543417f\" data-element_type=\"container\">\n\t\t\t\t\t<div class=\"e-con-inner\">\n\t\t\t\t<div class=\"elementor-element elementor-element-5b907e8 elementor-widget elementor-widget-heading\" data-id=\"5b907e8\" data-element_type=\"widget\" data-settings=\"{&quot;ashton_ext_link_sidemenu&quot;:&quot;false&quot;,&quot;ashton_ext_link_fullmenu&quot;:&quot;false&quot;,&quot;ashton_ext_is_sticky&quot;:&quot;false&quot;,&quot;ashton_ext_is_scrollme&quot;:&quot;false&quot;,&quot;ashton_ext_is_smoove&quot;:&quot;false&quot;,&quot;ashton_ext_is_parallax_mouse&quot;:&quot;false&quot;,&quot;ashton_ext_is_infinite&quot;:&quot;false&quot;,&quot;ashton_ext_is_fadeout_animation&quot;:&quot;false&quot;}\" data-widget_type=\"heading.default\">\n\t\t\t\t<div class=\"elementor-widget-container\">\n\t\t\t<style>\/*! elementor - v3.23.0 - 25-07-2024 *\/\n.elementor-heading-title{padding:0;margin:0;line-height:1}.elementor-widget-heading .elementor-heading-title[class*=elementor-size-]>a{color:inherit;font-size:inherit;line-height:inherit}.elementor-widget-heading .elementor-heading-title.elementor-size-small{font-size:15px}.elementor-widget-heading .elementor-heading-title.elementor-size-medium{font-size:19px}.elementor-widget-heading .elementor-heading-title.elementor-size-large{font-size:29px}.elementor-widget-heading .elementor-heading-title.elementor-size-xl{font-size:39px}.elementor-widget-heading .elementor-heading-title.elementor-size-xxl{font-size:59px}<\/style><h2 class=\"elementor-heading-title elementor-size-default\">Socio Director<\/h2>\t\t<\/div>\n\t\t\t\t<\/div>\n\t\t\t\t\t<\/div>\n\t\t\t\t<\/div>\n\t\t<div class=\"elementor-element elementor-element-acf446f e-flex e-con-boxed e-con e-parent\" data-id=\"acf446f\" data-element_type=\"container\">\n\t\t\t\t\t<div class=\"e-con-inner\">\n\t\t\t\t<div class=\"elementor-element elementor-element-b92dff7 elementor-widget elementor-widget-text-editor\" data-id=\"b92dff7\" data-element_type=\"widget\" data-settings=\"{&quot;ashton_ext_link_sidemenu&quot;:&quot;false&quot;,&quot;ashton_ext_link_fullmenu&quot;:&quot;false&quot;,&quot;ashton_ext_is_sticky&quot;:&quot;false&quot;,&quot;ashton_ext_is_scrollme&quot;:&quot;false&quot;,&quot;ashton_ext_is_smoove&quot;:&quot;false&quot;,&quot;ashton_ext_is_parallax_mouse&quot;:&quot;false&quot;,&quot;ashton_ext_is_infinite&quot;:&quot;false&quot;,&quot;ashton_ext_is_fadeout_animation&quot;:&quot;false&quot;}\" data-widget_type=\"text-editor.default\">\n\t\t\t\t<div class=\"elementor-widget-container\">\n\t\t\t\t\t\t\t<p><strong>ESTUDIOS<\/strong><\/p><ul><li>Licenciaturas en Administraci\u00f3n de Empresas con \u00e9nfasis en Banca y Finanzas (USJ 2013)<\/li><li>Licenciado en Derecho (USJ, 2017)<\/li><li>Especialista en Derecho Notarial y Registral (USJ, 2020)<\/li><li>M\u00e1ster en Derecho Penal (UIA, 2023)<\/li><\/ul>\t\t\t\t\t\t<\/div>\n\t\t\t\t<\/div>\n\t\t\t\t\t<\/div>\n\t\t\t\t<\/div>\n\t\t<div class=\"elementor-element elementor-element-1a0460b e-flex e-con-boxed e-con e-parent\" data-id=\"1a0460b\" data-element_type=\"container\">\n\t\t\t\t\t<div class=\"e-con-inner\">\n\t\t\t\t\t<\/div>\n\t\t\t\t<\/div>\n\t\t\t\t<\/div>\n\t\t","protected":false},"excerpt":{"rendered":"<p>C\u00f3digo Colegio Abogados: 28.413\u00a0 Tel\u00e9fono:\u00a0(+506) 2460-9050 ext. 3 Correo:\u00a0rasalazar@bufetesalazarcr.com Idiomas:\u00a0Espa\u00f1ol, Ingl\u00e9s. \u00c1REAS DE PR\u00c1CTICA Derecho Civil y Cobratorio Derecho Sucesorio Derecho Agrario y Ambiental Derecho Empresarial Derecho Mercantil y Comercial Derecho Laboral Derecho Penal y Tr\u00e1nsit NOTAR\u00cdA P\u00daBLICA Sucesorio Notarial [&hellip;]<\/p>\n","protected":false},"author":1,"featured_media":0,"parent":0,"menu_order":0,"comment_status":"closed","ping_status":"closed","template":"page-r.php","meta":{"footnotes":""},"class_list":["post-13102","page","type-page","status-publish","hentry"],"_links":{"self":[{"href":"https:\/\/www.bufetesalazarcr.com\/index.php?rest_route=\/wp\/v2\/pages\/13102","targetHints":{"allow":["GET"]}}],"collection":[{"href":"https:\/\/www.bufetesalazarcr.com\/index.php?rest_route=\/wp\/v2\/pages"}],"about":[{"href":"https:\/\/www.bufetesalazarcr.com\/index.php?rest_route=\/wp\/v2\/types\/page"}],"author":[{"embeddable":true,"href":"https:\/\/www.bufetesalazarcr.com\/index.php?rest_route=\/wp\/v2\/users\/1"}],"replies":[{"embeddable":true,"href":"https:\/\/www.bufetesalazarcr.com\/index.php?rest_route=%2Fwp%2Fv2%2Fcomments&post=13102"}],"version-history":[{"count":37,"href":"https:\/\/www.bufetesalazarcr.com\/index.php?rest_route=\/wp\/v2\/pages\/13102\/revisions"}],"predecessor-version":[{"id":13338,"href":"https:\/\/www.bufetesalazarcr.com\/index.php?rest_route=\/wp\/v2\/pages\/13102\/revisions\/13338"}],"wp:attachment":[{"href":"https:\/\/www.bufetesalazarcr.com\/index.php?rest_route=%2Fwp%2Fv2%2Fmedia&parent=13102"}],"curies":[{"name":"wp","href":"https:\/\/api.w.org\/{rel}","templated":true}]}}